{"id":34,"date":"2026-03-10T19:58:23","date_gmt":"2026-03-10T18:58:23","guid":{"rendered":"https:\/\/emkataylor.de\/wordpress\/?page_id=34"},"modified":"2026-03-16T15:28:48","modified_gmt":"2026-03-16T14:28:48","slug":"home","status":"publish","type":"page","link":"https:\/\/emkataylor.de\/","title":{"rendered":"Emka Taylor"},"content":{"rendered":"\n<p class=\"has-text-align-left\"><strong>Emka<\/strong> lebt und tanzt in Leipzig und ist tief verbunden mit der Contact Improvisation Community. Seit 2007 organisiert Emka Festivals \u2013 darunter das CI Festival Leipzig \u2013, gibt CI-Workshops und veranstaltet regelm\u00e4\u00dfige Jams. Die Tanzpraxis wurde auf zahlreichen internationalen Festivals geteilt und verfeinert.<\/p>\n\n\n\n<p>Die k\u00fcnstlerische Forschung kreist um Konsens und Einvernehmlichkeit: Wie k\u00f6nnen wir durch achtsame, konsensbasierte Kommunikation Tanz und zwischenmenschliche Begegnungen bereichern und transformieren?<\/p>\n\n\n\n<p>Weitere Schwerpunkte sind Genderfragen, das Schreiben utopischer Fiktionen, Inklusion, das Tanzen mit uns als Familien, interdisziplin\u00e4re Kunstpraxis und Community-Entwicklung. Emka hat einen M.A. in Sozialwissenschaften und befindet sich aktuell in der Ausbildung zur Systematischen Beratung.<\/p>\n\n\n\n<p><\/p>\n\n\n\n<figure class=\"wp-block-image size-large\"><img loading=\"lazy\" decoding=\"async\" width=\"1024\" height=\"683\" src=\"http:\/\/emkataylor.de\/wp-content\/uploads\/2026\/03\/DSC04720-3-1-1024x683.jpg\" alt=\"\" class=\"wp-image-12\" srcset=\"https:\/\/emkataylor.de\/wp-content\/uploads\/2026\/03\/DSC04720-3-1-1024x683.jpg 1024w, https:\/\/emkataylor.de\/wp-content\/uploads\/2026\/03\/DSC04720-3-1-300x200.jpg 300w, https:\/\/emkataylor.de\/wp-content\/uploads\/2026\/03\/DSC04720-3-1-768x512.jpg 768w, https:\/\/emkataylor.de\/wp-content\/uploads\/2026\/03\/DSC04720-3-1-1536x1024.jpg 1536w, https:\/\/emkataylor.de\/wp-content\/uploads\/2026\/03\/DSC04720-3-1-2048x1365.jpg 2048w\" sizes=\"auto, (max-width: 1024px) 100vw, 1024px\" \/><\/figure>\n\n\n\n<div class=\"wp-block-group\"><div class=\"wp-block-group__inner-container is-layout-constrained wp-block-group-is-layout-constrained\">\n<figure class=\"wp-block-image size-large\"><img loading=\"lazy\" decoding=\"async\" width=\"1024\" height=\"683\" src=\"http:\/\/emkataylor.de\/wp-content\/uploads\/2026\/03\/Dotterel-on-Karekare-198-of-349-1024x683.jpg\" alt=\"\" class=\"wp-image-10\" srcset=\"https:\/\/emkataylor.de\/wp-content\/uploads\/2026\/03\/Dotterel-on-Karekare-198-of-349-1024x683.jpg 1024w, https:\/\/emkataylor.de\/wp-content\/uploads\/2026\/03\/Dotterel-on-Karekare-198-of-349-300x200.jpg 300w, https:\/\/emkataylor.de\/wp-content\/uploads\/2026\/03\/Dotterel-on-Karekare-198-of-349-768x512.jpg 768w, https:\/\/emkataylor.de\/wp-content\/uploads\/2026\/03\/Dotterel-on-Karekare-198-of-349-1536x1024.jpg 1536w, https:\/\/emkataylor.de\/wp-content\/uploads\/2026\/03\/Dotterel-on-Karekare-198-of-349-2048x1365.jpg 2048w\" sizes=\"auto, (max-width: 1024px) 100vw, 1024px\" \/><\/figure>\n<\/div><\/div>\n\n\n\n<figure class=\"wp-block-image size-large\"><img loading=\"lazy\" decoding=\"async\" width=\"1024\" height=\"683\" src=\"http:\/\/emkataylor.de\/wp-content\/uploads\/2026\/03\/IMG_1754-1024x683.jpg\" alt=\"\" class=\"wp-image-13\" srcset=\"https:\/\/emkataylor.de\/wp-content\/uploads\/2026\/03\/IMG_1754-1024x683.jpg 1024w, https:\/\/emkataylor.de\/wp-content\/uploads\/2026\/03\/IMG_1754-300x200.jpg 300w, https:\/\/emkataylor.de\/wp-content\/uploads\/2026\/03\/IMG_1754-768x512.jpg 768w, https:\/\/emkataylor.de\/wp-content\/uploads\/2026\/03\/IMG_1754-1536x1024.jpg 1536w, https:\/\/emkataylor.de\/wp-content\/uploads\/2026\/03\/IMG_1754-2048x1365.jpg 2048w\" sizes=\"auto, (max-width: 1024px) 100vw, 1024px\" \/><\/figure>\n\n\n\n<h2 class=\"wp-block-heading has-text-align-center\">Current Events<\/h2>\n\n\n\n<p class=\"has-text-align-center\"><strong>7th CI Festival Leipzig &#8211; <\/strong><strong><em>21.-25th October 2026<\/em><\/strong><br>Organizer &amp; teacher @Leipzig, Germany<br><a href=\"https:\/\/contactimpro-leipzig.de\/\" target=\"_blank\" rel=\"noreferrer noopener\">www.contactimpro-leipzig.de<\/a><\/p>\n\n\n\n<p class=\"has-text-align-center\"><strong>CI Longjam Leipzig &#8211; <em>14.-17th May 2026<\/em><\/strong><br>Organizer &amp; teacher @Leipzig, Germany<br><a href=\"https:\/\/contactimpro-leipzig.de\/\" target=\"_blank\" rel=\"noreferrer noopener\">www.contactimpro-leipzig.de<\/a><\/p>\n\n\n\n<p class=\"has-text-align-center\"><strong>Gentle Jam &#8211; <\/strong><strong><em>monthly<\/em><\/strong><br>Co-facilitator and host @Die Villa, Leipzig, Germany<br><a href=\"https:\/\/contactimpro-leipzig.de\/jams\/gentle-jam\/\" target=\"_blank\" rel=\"noreferrer noopener\">https:\/\/contactimpro-leipzig.de\/jams\/gentle-jam\/<\/a><br><strong><br>Familientanz<\/strong><br>Co-facilitator @Nachbarschaftstreff Neulindenau, Leipzig, Germany<br><a href=\"https:\/\/t.me\/+SmZ800QwlehkN2My\" target=\"_blank\" rel=\"noreferrer noopener\">t.me\/+SmZ800QwlehkN2My<\/a><\/p>\n\n\n\n<h2 class=\"wp-block-heading has-text-align-center\">Past Events<\/h2>\n\n\n\n<p class=\"has-text-align-center\"><strong>2025\/26 Jam Festival Bremen<\/strong><br>Class facilitator, International CI festival @Bremen, Germany<br><a href=\"https:\/\/www.jam-festival-bremen.de\/\" target=\"_blank\" rel=\"noreferrer noopener\">https:\/\/www.jam-festival-bremen.de\/<\/a><\/p>\n\n\n\n<p class=\"has-text-align-center\"><strong>2025 6th CI Festival Leipzig<\/strong><br>Organizer &amp; teacher @Leipzig, Germany<br><a href=\"https:\/\/contactimpro-leipzig.de\/\" target=\"_blank\" rel=\"noreferrer noopener\">www.contactimpro-leipzig.de<\/a><\/p>\n\n\n\n<p class=\"has-text-align-center\"><strong>2025 CI Workshops<\/strong><br>Class facilitator, family friendly culture festival, @Auerworld, Auerstedt, Germany<br><a href=\"https:\/\/auerworld-festival.de\/\" target=\"_blank\" rel=\"noreferrer noopener\">www.auerworld-festival.de<\/a><\/p>\n\n\n\n<p class=\"has-text-align-center\"><strong>2025 Long Jam Leipzig<\/strong><br>Organizer &amp; Teacher<\/p>\n\n\n\n<p class=\"has-text-align-center\"><strong>\u200b2025 Pfingstjam CI Festival<\/strong><br>Class facilitator, family friendly Contact Improvisation festival, @ Bremen, Germany<br><a href=\"https:\/\/pfingstjam.de\/\" target=\"_blank\" rel=\"noreferrer noopener\">www.pfingstjam.de<\/a><\/p>\n\n\n\n<p class=\"has-text-align-center\"><strong>\u200b2024\/25 Somatic Arts Fest<\/strong><br>\u200bCI, Bodywork &amp; Arts one-day workshops @Leipzig, Germany<br><a href=\"https:\/\/contactimpro-leipzig.de\/jams\/somatic-arts\/\" target=\"_blank\" rel=\"noreferrer noopener\">www.contactimpro-leipzig.de\/jams\/somatic-arts\/<\/a><\/p>\n\n\n\n<p class=\"has-text-align-center\"><strong>2024 5th CI Festival Leipzig&nbsp;<\/strong><br>\u200bOrganizer &amp; teacher<\/p>\n\n\n\n<p class=\"has-text-align-center\"><strong>\u200b2024 Alt Shift Festival<\/strong><br>Teacher of Consent Workshop, Talk and Workshop on Contact Improvisation @Kunst in der Natur, Austria<\/p>\n\n\n\n<p class=\"has-text-align-center\"><strong>\u200b2024 Longjam Leipzig&nbsp;<\/strong><br>\u200b4-day jam festival, organizer &amp; facilitator<\/p>\n\n\n\n<p class=\"has-text-align-center\"><strong>\u200b2023 Zwischen den Welten&nbsp;<\/strong><br>Teacher at 3-day Contact Improvisation festival @Steinstra\u00dfe, Leipzig<\/p>\n\n\n\n<p class=\"has-text-align-center\"><strong>2023 4th CI Festival Leipzig<\/strong><br>Organizer &amp; teacher<\/p>\n\n\n\n<p class=\"has-text-align-center\"><strong>2023-2024 Weekly CI Jam<\/strong><br>Weekly Contact Improvisation Jam facilitator @Nachbarschaftstreff Neulindenau, Leipzig<\/p>\n\n\n\n<p class=\"has-text-align-center\"><strong>2023 3rd CI Festival Leipzig<\/strong><br>Co-organizer<\/p>\n\n\n\n<p class=\"has-text-align-center\"><strong>\u200b2022 Weekly CI Jam<\/strong><br>Facilitator of weekly Contact Improvisation Jam @Windrose, Christchurch, New Zealand<\/p>\n\n\n\n<p class=\"has-text-align-center\"><strong>\u200b2019-2022 Weekly CI Jams<\/strong><br>Facilitator of weekly Contact Improvisation Jam @Kawai Purapura, Auckland, New Zealand<\/p>\n\n\n\n<p class=\"has-text-align-center\"><strong>\u200b2021 CI Gathering New Zealand<\/strong><br>Organizer &amp; teacher @Kawaipurapura, Auckland, New Zealand<\/p>\n\n\n\n<p class=\"has-text-align-center\"><strong>\u200b2020 CI in Nature<\/strong><br>Teacher of dance in nature retreats @Sacred Earth Retreat, Auckland, New Zealand<\/p>\n\n\n\n<p class=\"has-text-align-center\"><strong>\u200b2019-2020 Festival workshops<\/strong><br>Facilitator of consent workshops and Contact Improvisation classes @Earthbeat Festival, @NZ Spirit Festival, @Resolution Festival &amp; @Voices of Sacred Earthe Festival all NZ<\/p>\n\n\n\n<p class=\"has-text-align-center\"><strong>\u200b2019 CI Workshop series<\/strong><br>Teacher of Contact Improvisation workshops @Lismore &amp; Swami&#8217;s Retreat, Sydney, Australia<\/p>\n\n\n\n<p class=\"has-text-align-center\"><strong>\u200b2019 Bali Workshop series<\/strong><br>Teacher of Consent &amp; Contact Improvisation workshops @Samyama Meditation Center, Indonesia<\/p>\n\n\n\n<p class=\"has-text-align-center\"><strong>\u200b2017-2018 Weekly CI Workshop series<\/strong><br>Teacher of Contact Improvisation workshops @African Pavilion, Auroville, India<\/p>\n\n\n\n<p class=\"has-text-align-center\"><strong>\u200b2017 Nordic Improv Meeting<\/strong><br>Teacher of Contact Improvisation workshop @NIM, Parainen, Finland<\/p>\n\n\n\n<p class=\"has-text-align-center\"><strong>2017 CI Workshops<\/strong><br>Teacher of Contact Improvisation workshops @Hub of Consciousness, Dubai, UAE<\/p>\n\n\n\n<p class=\"has-text-align-center\"><strong>2016 CI Training<\/strong><br>Teacher of 2-day Contact Improvisation training @Casa de los Ningunos, La Paz, Bolivia<\/p>\n\n\n\n<p class=\"has-text-align-center\"><strong>2016 Danzenica Festival<\/strong><br>Teacher of Contact Improvisation dance trainings @FASES Danza, Santa Cruz, Bolivia<\/p>\n\n\n\n<p class=\"has-text-align-center\"><strong>2016 Weekly CI Jam<\/strong><br>Teacher of weekly Contact Improvisation jams @Kasa Muyu, Cochabamba, Bolivia<\/p>\n\n\n\n<p class=\"has-text-align-center\"><strong>2016 CI Class<\/strong><br>Co-teacher of weekly Contact Improvisation workshops @Instituto Tecnologico de Chile, Santiago<\/p>\n\n\n\n<p class=\"has-text-align-center\"><strong>2015 Transformando Pela Pratica<\/strong><br>Facilitator of Contact Improvisation workshop @Transformando Pela Pratica, CI Festival, Gamboa, Brazil<\/p>\n\n\n\n<p class=\"has-text-align-center\"><strong>2015 CI Class<\/strong><br>Facilitator of Contact Improvisation class @Atlantic Cruise, Atlantic Ocean<\/p>\n\n\n\n<p class=\"has-text-align-center\"><strong>2015 Theater of the Oppressed<\/strong><br>Teacher of 10-day Theater of the Oppressed intensive with Fundacja Dobra @Cherson, Ukraine<\/p>\n\n\n\n<p class=\"has-text-align-center\"><strong>2015 Zwischenraum Festival<\/strong><br>Facilitator of Contact Improvisation workshop @Zwischenraum FEstival, Berlin, Germany<\/p>\n","protected":false},"excerpt":{"rendered":"<p>Emka lebt und tanzt in Leipzig und ist tief verbunden mit der Contact Improvisation Community. Seit 2007 organisiert Emka Festivals \u2013 darunter das CI Festival Leipzig \u2013, gibt CI-Workshops und veranstaltet regelm\u00e4\u00dfige Jams. Die Tanzpraxis wurde auf zahlreichen internationalen Festivals geteilt und verfeinert. Die k\u00fcnstlerische Forschung kreist um Konsens und Einvernehmlichkeit: Wie k\u00f6nnen wir durch &hellip; <a href=\"https:\/\/emkataylor.de\/\" class=\"more-link\"><span class=\"screen-reader-text\">Emka Taylor<\/span> weiterlesen<\/a><\/p>\n","protected":false},"author":1,"featured_media":0,"parent":0,"menu_order":0,"comment_status":"closed","ping_status":"closed","template":"","meta":{"footnotes":""},"class_list":["post-34","page","type-page","status-publish","hentry"],"_links":{"self":[{"href":"https:\/\/emkataylor.de\/index.php?rest_route=\/wp\/v2\/pages\/34","targetHints":{"allow":["GET"]}}],"collection":[{"href":"https:\/\/emkataylor.de\/index.php?rest_route=\/wp\/v2\/pages"}],"about":[{"href":"https:\/\/emkataylor.de\/index.php?rest_route=\/wp\/v2\/types\/page"}],"author":[{"embeddable":true,"href":"https:\/\/emkataylor.de\/index.php?rest_route=\/wp\/v2\/users\/1"}],"replies":[{"embeddable":true,"href":"https:\/\/emkataylor.de\/index.php?rest_route=%2Fwp%2Fv2%2Fcomments&post=34"}],"version-history":[{"count":4,"href":"https:\/\/emkataylor.de\/index.php?rest_route=\/wp\/v2\/pages\/34\/revisions"}],"predecessor-version":[{"id":51,"href":"https:\/\/emkataylor.de\/index.php?rest_route=\/wp\/v2\/pages\/34\/revisions\/51"}],"wp:attachment":[{"href":"https:\/\/emkataylor.de\/index.php?rest_route=%2Fwp%2Fv2%2Fmedia&parent=34"}],"curies":[{"name":"wp","href":"https:\/\/api.w.org\/{rel}","templated":true}]}}